{"id":18099,"date":"2023-12-06T13:45:57","date_gmt":"2023-12-06T11:45:57","guid":{"rendered":"https:\/\/timberelement.se\/personvernerklaering\/"},"modified":"2023-12-10T15:28:20","modified_gmt":"2023-12-10T13:28:20","slug":"personvernerklaering","status":"publish","type":"page","link":"https:\/\/timberelement.se\/no\/personvernerklaering\/","title":{"rendered":"Personvernerkl\u00e6ring"},"content":{"rendered":"\t\t<div data-elementor-type=\"wp-page\" data-elementor-id=\"18099\" class=\"elementor elementor-18099 elementor-17912\" data-elementor-post-type=\"page\">\n\t\t\t\t<div class=\"elementor-element elementor-element-3749233 e-flex e-con-boxed e-con e-parent\" data-id=\"3749233\" data-element_type=\"container\">\n\t\t\t\t\t<div class=\"e-con-inner\">\n\t\t\t\t<div class=\"elementor-element elementor-element-ab1956a elementor-widget elementor-widget-text-editor\" data-id=\"ab1956a\" data-element_type=\"widget\" data-widget_type=\"text-editor.default\">\n\t\t\t\t<div class=\"elementor-widget-container\">\n\t\t\t\t\t\t\t<h2>1. Introduksjon<\/h2>\n<p>Velkommen til Timberelement O\u00dcs nettside timberelement.ee. Denne personvernerkl\u00e6ringen forklarer hvordan vi samler inn, bruker, beskytter og deler personlig informasjon p\u00e5 nettstedet v\u00e5rt timberelement.ee. Vennligst les denne personvernerkl\u00e6ringen f\u00f8r du bruker nettstedet eller sender inn personlig informasjon.<\/p>\n<h2>2. Datainnsamling<\/h2>\n<p>Vi samler inn personopplysninger hvis:<\/p>\n<ul>\n<li>Du bruker v\u00e5rt kontaktskjema: Dette inkluderer navn, e-postadresse, telefonnummer og prosjektinformasjon.<\/li>\n<li>Du bes\u00f8ker nettstedet v\u00e5rt: Vi bruker Google Analytics og Googles Searc-konsoll for \u00e5 samle inn data om bruk og ytelse av nettstedet.<\/li>\n<\/ul>\n<h2>3. Bruk av informasjon<\/h2>\n<p>Informasjonen du oppgir vil bli brukt til f\u00f8lgende form\u00e5l:<\/p>\n<ul>\n<li>For \u00e5 svare p\u00e5 dine henvendelser og yte kundeservice.<\/li>\n<li>For \u00e5 forbedre nettsiden og tjenestene v\u00e5re.<\/li>\n<li>For internregnskap og analyse.<\/li>\n<\/ul>\n<h2>4. Databeskyttelse<\/h2>\n<p>Vi tar beskyttelsen av dataene dine p\u00e5 alvor. Vi implementerer ulike sikkerhetstiltak for \u00e5 sikre sikkerheten til dine personopplysninger.<\/p>\n<h2>5. Informasjonsdeling<\/h2>\n<p>Vi selger, utveksler eller overf\u00f8rer ikke din personlig identifiserbare informasjon til tredjeparter med unntak av det som kreves av loven.<\/p>\n<h2>6. Google Analytics og Search Console<\/h2>\n<ul>\n<li>Google Analytics: Brukes til \u00e5 analysere nettstedtrafikk og brukeraktivitet.<\/li>\n<li>Google Search Console: Hjelper med \u00e5 forst\u00e5 hvordan nettstedet v\u00e5rt vises i s\u00f8keresultater og hvordan brukerne finner nettstedet v\u00e5rt.<\/li>\n<\/ul>\n<h2>7. Informasjonskapsler<\/h2>\n<p>V\u00e5r nettside kan bruke &laquo;informasjonskapsler&raquo; for \u00e5 forbedre brukeropplevelsen.<\/p>\n<h2>8. Tilgang til informasjonen din<\/h2>\n<p>Du kan be om tilgang til dine personopplysninger som vi samler inn online og vedlikeholder ved \u00e5 kontakte oss p\u00e5 <a href=\"mailto:info@timberelement.ee\" target=\"_new\">info@timberelement.ee.<\/a><\/p>\n<h2>9. Samtykke<\/h2>\n<p>Ved \u00e5 bruke siden v\u00e5r godtar du v\u00e5r personvernerkl\u00e6ring.<\/p>\n<h2>10. Endringer i personvernregler<\/h2>\n<p>Hvis vi bestemmer oss for \u00e5 endre personvernreglene v\u00e5re, vil vi oppdatere denne siden.<\/p>\n<h2>11. Kontakt oss<\/h2>\n<p>Hvis du har sp\u00f8rsm\u00e5l ang\u00e5ende denne personvernerkl\u00e6ringen, kan du kontakte oss p\u00e5 f\u00f8lgende m\u00e5te:<\/p>\n<p><a href=\"mailto:info@timberelement.ee\" target=\"_new\">info@timberelement.ee<\/a><\/p>\n\t\t\t\t\t\t<\/div>\n\t\t\t\t<\/div>\n\t\t\t\t\t<\/div>\n\t\t\t\t<\/div>\n\t\t\t\t<\/div>\n\t\t","protected":false},"excerpt":{"rendered":"<p>1. Introduksjon Velkommen til Timberelement O\u00dcs nettside timberelement.ee. Denne personvernerkl\u00e6ringen forklarer hvordan vi samler inn, bruker, beskytter og deler personlig informasjon p\u00e5 nettstedet v\u00e5rt timberelement.ee. Vennligst les denne personvernerkl\u00e6ringen f\u00f8r du bruker nettstedet eller sender inn personlig informasjon. 2. Datainnsamling Vi samler inn personopplysninger hvis: Du bruker v\u00e5rt kontaktskjema: Dette inkluderer navn, e-postadresse, telefonnummer og [&hellip;]<\/p>\n","protected":false},"author":4,"featured_media":0,"parent":0,"menu_order":0,"comment_status":"closed","ping_status":"closed","template":"","meta":{"footnotes":""},"class_list":["post-18099","page","type-page","status-publish","hentry"],"acf":[],"yoast_head":"<!-- This site is optimized with the Yoast SEO plugin v23.8 - https:\/\/yoast.com\/wordpress\/plugins\/seo\/ -->\n<title>Personvernerkl\u00e6ring | Timberelement<\/title>\n<meta name=\"robots\" content=\"index, follow, max-snippet:-1, max-image-preview:large, max-video-preview:-1\" \/>\n<link rel=\"canonical\" href=\"https:\/\/timberelement.se\/no\/personvernerklaering\/\" \/>\n<meta property=\"og:locale\" content=\"nb_NO\" \/>\n<meta property=\"og:type\" content=\"article\" \/>\n<meta property=\"og:title\" content=\"Personvernerkl\u00e6ring | Timberelement\" \/>\n<meta property=\"og:description\" content=\"1. Introduksjon Velkommen til Timberelement O\u00dcs nettside timberelement.ee. Denne personvernerkl\u00e6ringen forklarer hvordan vi samler inn, bruker, beskytter og deler personlig informasjon p\u00e5 nettstedet v\u00e5rt timberelement.ee. Vennligst les denne personvernerkl\u00e6ringen f\u00f8r du bruker nettstedet eller sender inn personlig informasjon. 2. Datainnsamling Vi samler inn personopplysninger hvis: Du bruker v\u00e5rt kontaktskjema: Dette inkluderer navn, e-postadresse, telefonnummer og [&hellip;]\" \/>\n<meta property=\"og:url\" content=\"https:\/\/timberelement.se\/no\/personvernerklaering\/\" \/>\n<meta property=\"og:site_name\" content=\"Timberelement\" \/>\n<meta property=\"article:publisher\" content=\"https:\/\/www.facebook.com\/timberelement\" \/>\n<meta property=\"article:modified_time\" content=\"2023-12-10T13:28:20+00:00\" \/>\n<meta property=\"og:image\" content=\"https:\/\/timberelement.se\/wp-content\/uploads\/2023\/10\/20180502_TRUS-1801-LOT-144_EXT2-jpg.webp\" \/>\n\t<meta property=\"og:image:width\" content=\"2500\" \/>\n\t<meta property=\"og:image:height\" content=\"1905\" \/>\n\t<meta property=\"og:image:type\" content=\"image\/jpeg\" \/>\n<meta name=\"twitter:card\" content=\"summary_large_image\" \/>\n<meta name=\"twitter:label1\" content=\"Ansl. lesetid\" \/>\n\t<meta name=\"twitter:data1\" content=\"1 minutt\" \/>\n<script type=\"application\/ld+json\" class=\"yoast-schema-graph\">{\"@context\":\"https:\/\/schema.org\",\"@graph\":[{\"@type\":\"WebPage\",\"@id\":\"https:\/\/timberelement.se\/no\/personvernerklaering\/\",\"url\":\"https:\/\/timberelement.se\/no\/personvernerklaering\/\",\"name\":\"Personvernerkl\u00e6ring | Timberelement\",\"isPartOf\":{\"@id\":\"https:\/\/timberelement.se\/no\/#website\"},\"datePublished\":\"2023-12-06T11:45:57+00:00\",\"dateModified\":\"2023-12-10T13:28:20+00:00\",\"breadcrumb\":{\"@id\":\"https:\/\/timberelement.se\/no\/personvernerklaering\/#breadcrumb\"},\"inLanguage\":\"nb-NO\",\"potentialAction\":[{\"@type\":\"ReadAction\",\"target\":[\"https:\/\/timberelement.se\/no\/personvernerklaering\/\"]}]},{\"@type\":\"BreadcrumbList\",\"@id\":\"https:\/\/timberelement.se\/no\/personvernerklaering\/#breadcrumb\",\"itemListElement\":[{\"@type\":\"ListItem\",\"position\":1,\"name\":\"Hjemmeside\",\"item\":\"https:\/\/timberelement.se\/no\/forsiden\/\"},{\"@type\":\"ListItem\",\"position\":2,\"name\":\"Personvernerkl\u00e6ring\"}]},{\"@type\":\"WebSite\",\"@id\":\"https:\/\/timberelement.se\/no\/#website\",\"url\":\"https:\/\/timberelement.se\/no\/\",\"name\":\"Timberelement elementmajad\",\"description\":\"Eesti elementmajad\",\"publisher\":{\"@id\":\"https:\/\/timberelement.se\/no\/#organization\"},\"potentialAction\":[{\"@type\":\"SearchAction\",\"target\":{\"@type\":\"EntryPoint\",\"urlTemplate\":\"https:\/\/timberelement.se\/no\/?s={search_term_string}\"},\"query-input\":{\"@type\":\"PropertyValueSpecification\",\"valueRequired\":true,\"valueName\":\"search_term_string\"}}],\"inLanguage\":\"nb-NO\"},{\"@type\":\"Organization\",\"@id\":\"https:\/\/timberelement.se\/no\/#organization\",\"name\":\"Timberelement O\u00dc\",\"url\":\"https:\/\/timberelement.se\/no\/\",\"logo\":{\"@type\":\"ImageObject\",\"inLanguage\":\"nb-NO\",\"@id\":\"https:\/\/timberelement.se\/no\/#\/schema\/logo\/image\/\",\"url\":\"https:\/\/timberelement.se\/wp-content\/uploads\/2023\/06\/logo2018-1.png\",\"contentUrl\":\"https:\/\/timberelement.se\/wp-content\/uploads\/2023\/06\/logo2018-1.png\",\"width\":2972,\"height\":1126,\"caption\":\"Timberelement O\u00dc\"},\"image\":{\"@id\":\"https:\/\/timberelement.se\/no\/#\/schema\/logo\/image\/\"},\"sameAs\":[\"https:\/\/www.facebook.com\/timberelement\"]}]}<\/script>\n<!-- \/ Yoast SEO plugin. -->","yoast_head_json":{"title":"Personvernerkl\u00e6ring | Timberelement","robots":{"index":"index","follow":"follow","max-snippet":"max-snippet:-1","max-image-preview":"max-image-preview:large","max-video-preview":"max-video-preview:-1"},"canonical":"https:\/\/timberelement.se\/no\/personvernerklaering\/","og_locale":"nb_NO","og_type":"article","og_title":"Personvernerkl\u00e6ring | Timberelement","og_description":"1. Introduksjon Velkommen til Timberelement O\u00dcs nettside timberelement.ee. Denne personvernerkl\u00e6ringen forklarer hvordan vi samler inn, bruker, beskytter og deler personlig informasjon p\u00e5 nettstedet v\u00e5rt timberelement.ee. Vennligst les denne personvernerkl\u00e6ringen f\u00f8r du bruker nettstedet eller sender inn personlig informasjon. 2. Datainnsamling Vi samler inn personopplysninger hvis: Du bruker v\u00e5rt kontaktskjema: Dette inkluderer navn, e-postadresse, telefonnummer og [&hellip;]","og_url":"https:\/\/timberelement.se\/no\/personvernerklaering\/","og_site_name":"Timberelement","article_publisher":"https:\/\/www.facebook.com\/timberelement","article_modified_time":"2023-12-10T13:28:20+00:00","og_image":[{"width":2500,"height":1905,"url":"https:\/\/timberelement.se\/wp-content\/uploads\/2023\/10\/20180502_TRUS-1801-LOT-144_EXT2-jpg.webp","type":"image\/jpeg"}],"twitter_card":"summary_large_image","twitter_misc":{"Ansl. lesetid":"1 minutt"},"schema":{"@context":"https:\/\/schema.org","@graph":[{"@type":"WebPage","@id":"https:\/\/timberelement.se\/no\/personvernerklaering\/","url":"https:\/\/timberelement.se\/no\/personvernerklaering\/","name":"Personvernerkl\u00e6ring | Timberelement","isPartOf":{"@id":"https:\/\/timberelement.se\/no\/#website"},"datePublished":"2023-12-06T11:45:57+00:00","dateModified":"2023-12-10T13:28:20+00:00","breadcrumb":{"@id":"https:\/\/timberelement.se\/no\/personvernerklaering\/#breadcrumb"},"inLanguage":"nb-NO","potentialAction":[{"@type":"ReadAction","target":["https:\/\/timberelement.se\/no\/personvernerklaering\/"]}]},{"@type":"BreadcrumbList","@id":"https:\/\/timberelement.se\/no\/personvernerklaering\/#breadcrumb","itemListElement":[{"@type":"ListItem","position":1,"name":"Hjemmeside","item":"https:\/\/timberelement.se\/no\/forsiden\/"},{"@type":"ListItem","position":2,"name":"Personvernerkl\u00e6ring"}]},{"@type":"WebSite","@id":"https:\/\/timberelement.se\/no\/#website","url":"https:\/\/timberelement.se\/no\/","name":"Timberelement elementmajad","description":"Eesti elementmajad","publisher":{"@id":"https:\/\/timberelement.se\/no\/#organization"},"potentialAction":[{"@type":"SearchAction","target":{"@type":"EntryPoint","urlTemplate":"https:\/\/timberelement.se\/no\/?s={search_term_string}"},"query-input":{"@type":"PropertyValueSpecification","valueRequired":true,"valueName":"search_term_string"}}],"inLanguage":"nb-NO"},{"@type":"Organization","@id":"https:\/\/timberelement.se\/no\/#organization","name":"Timberelement O\u00dc","url":"https:\/\/timberelement.se\/no\/","logo":{"@type":"ImageObject","inLanguage":"nb-NO","@id":"https:\/\/timberelement.se\/no\/#\/schema\/logo\/image\/","url":"https:\/\/timberelement.se\/wp-content\/uploads\/2023\/06\/logo2018-1.png","contentUrl":"https:\/\/timberelement.se\/wp-content\/uploads\/2023\/06\/logo2018-1.png","width":2972,"height":1126,"caption":"Timberelement O\u00dc"},"image":{"@id":"https:\/\/timberelement.se\/no\/#\/schema\/logo\/image\/"},"sameAs":["https:\/\/www.facebook.com\/timberelement"]}]}},"_links":{"self":[{"href":"https:\/\/timberelement.se\/no\/wp-json\/wp\/v2\/pages\/18099"}],"collection":[{"href":"https:\/\/timberelement.se\/no\/wp-json\/wp\/v2\/pages"}],"about":[{"href":"https:\/\/timberelement.se\/no\/wp-json\/wp\/v2\/types\/page"}],"author":[{"embeddable":true,"href":"https:\/\/timberelement.se\/no\/wp-json\/wp\/v2\/users\/4"}],"replies":[{"embeddable":true,"href":"https:\/\/timberelement.se\/no\/wp-json\/wp\/v2\/comments?post=18099"}],"version-history":[{"count":1,"href":"https:\/\/timberelement.se\/no\/wp-json\/wp\/v2\/pages\/18099\/revisions"}],"predecessor-version":[{"id":18100,"href":"https:\/\/timberelement.se\/no\/wp-json\/wp\/v2\/pages\/18099\/revisions\/18100"}],"wp:attachment":[{"href":"https:\/\/timberelement.se\/no\/wp-json\/wp\/v2\/media?parent=18099"}],"curies":[{"name":"wp","href":"https:\/\/api.w.org\/{rel}","templated":true}]}}