{"id":13921,"date":"2023-06-05T17:20:48","date_gmt":"2023-06-05T14:20:48","guid":{"rendered":"https:\/\/timberelement.se\/teenused\/"},"modified":"2024-10-19T16:01:34","modified_gmt":"2024-10-19T13:01:34","slug":"services","status":"publish","type":"page","link":"https:\/\/timberelement.se\/en\/services\/","title":{"rendered":"Services"},"content":{"rendered":"\t\t<div data-elementor-type=\"wp-page\" data-elementor-id=\"13921\" class=\"elementor elementor-13921 elementor-8661\" data-elementor-post-type=\"page\">\n\t\t\t\t<div class=\"elementor-element elementor-element-4c4b32a e-flex e-con-boxed e-con e-parent\" data-id=\"4c4b32a\" data-element_type=\"container\">\n\t\t\t\t\t<div class=\"e-con-inner\">\n\t\t<div class=\"elementor-element elementor-element-cc55967 e-flex e-con-boxed e-con e-child\" data-id=\"cc55967\" data-element_type=\"container\" data-settings=\"{&quot;background_background&quot;:&quot;classic&quot;}\">\n\t\t\t\t\t<div class=\"e-con-inner\">\n\t\t<div class=\"elementor-element elementor-element-f9ec306 e-flex e-con-boxed e-con e-child\" data-id=\"f9ec306\" data-element_type=\"container\">\n\t\t\t\t\t<div class=\"e-con-inner\">\n\t\t\t\t<div class=\"elementor-element elementor-element-c34d393 elementor-widget elementor-widget-heading\" data-id=\"c34d393\" data-element_type=\"widget\" data-widget_type=\"heading.default\">\n\t\t\t\t<div class=\"elementor-widget-container\">\n\t\t\t<h2 class=\"elementor-heading-title elementor-size-default\">Designing<\/h2>\t\t<\/div>\n\t\t\t\t<\/div>\n\t\t\t\t<div class=\"elementor-element elementor-element-b55b3f0 elementor-widget elementor-widget-text-editor\" data-id=\"b55b3f0\" data-element_type=\"widget\" data-widget_type=\"text-editor.default\">\n\t\t\t\t<div class=\"elementor-widget-container\">\n\t\t\t\t\t\t\t<p>Eskiisjoonised (Timberelemendi t\u00fc\u00fcpmaja puhul)<br \/>Paigaldusjoonised<br \/>T\u00f6\u00f6joonised<br \/>Elektriprojekt<br \/>Ventilatsiooni projekt<br \/>K\u00fctte projekt<br \/>Vesi ja kanali projekt<br \/>Ehitusloa taotlemine koos energiam\u00e4rgisega<\/p>\n\t\t\t\t\t\t<\/div>\n\t\t\t\t<\/div>\n\t\t\t\t<div class=\"elementor-element elementor-element-45ae6f7 elementor-widget elementor-widget-button\" data-id=\"45ae6f7\" data-element_type=\"widget\" data-widget_type=\"button.default\">\n\t\t\t\t<div class=\"elementor-widget-container\">\n\t\t\t\t\t\t\t<div class=\"elementor-button-wrapper\">\n\t\t\t\t\t<a class=\"elementor-button elementor-button-link elementor-size-sm\" href=\"https:\/\/timberelement.se\/en\/services\/projecting\/\">\n\t\t\t\t\t\t<span class=\"elementor-button-content-wrapper\">\n\t\t\t\t\t\t<span class=\"elementor-button-icon\">\n\t\t\t\t<svg xmlns=\"http:\/\/www.w3.org\/2000\/svg\" id=\"Layer_1\" data-name=\"Layer 1\" viewBox=\"0 0 24 24\"><path d=\"M18.5,6V18a.5.5,0,0,1-1,0V7.20752L6.46338,18.24414a.49995.49995,0,0,1-.707-.707L16.79346,6.5H6a.5.5,0,0,1,0-1H18A.49971.49971,0,0,1,18.5,6Z\"><\/path><\/svg>\t\t\t<\/span>\n\t\t\t\t\t\t\t\t\t<span class=\"elementor-button-text\">Read more<\/span>\n\t\t\t\t\t<\/span>\n\t\t\t\t\t<\/a>\n\t\t\t\t<\/div>\n\t\t\t\t\t\t<\/div>\n\t\t\t\t<\/div>\n\t\t\t\t\t<\/div>\n\t\t\t\t<\/div>\n\t\t<div class=\"elementor-element elementor-element-a94109c e-flex e-con-boxed e-con e-child\" data-id=\"a94109c\" data-element_type=\"container\">\n\t\t\t\t\t<div class=\"e-con-inner\">\n\t\t\t\t<div class=\"elementor-element elementor-element-78952e2 elementor-widget elementor-widget-image\" data-id=\"78952e2\" data-element_type=\"widget\" data-widget_type=\"image.default\">\n\t\t\t\t<div class=\"elementor-widget-container\">\n\t\t\t\t\t\t\t\t\t\t\t\t\t<img fetchpriority=\"high\" decoding=\"async\" width=\"800\" height=\"640\" src=\"https:\/\/timberelement.se\/wp-content\/uploads\/2023\/10\/projekteerimine.png\" class=\"attachment-large size-large wp-image-16906\" alt=\"projekteerimine\" srcset=\"https:\/\/timberelement.se\/wp-content\/uploads\/2023\/10\/projekteerimine.png 800w, https:\/\/timberelement.se\/wp-content\/uploads\/2023\/10\/projekteerimine-375x300.png 375w, https:\/\/timberelement.se\/wp-content\/uploads\/2023\/10\/projekteerimine-768x614.png 768w, https:\/\/timberelement.se\/wp-content\/uploads\/2023\/10\/projekteerimine-430x344.png 430w, https:\/\/timberelement.se\/wp-content\/uploads\/2023\/10\/projekteerimine-700x560.png 700w\" sizes=\"(max-width: 800px) 100vw, 800px\" \/>\t\t\t\t\t\t\t\t\t\t\t\t\t<\/div>\n\t\t\t\t<\/div>\n\t\t\t\t\t<\/div>\n\t\t\t\t<\/div>\n\t\t\t\t\t<\/div>\n\t\t\t\t<\/div>\n\t\t<div class=\"elementor-element elementor-element-f669a4d e-flex e-con-boxed e-con e-child\" data-id=\"f669a4d\" data-element_type=\"container\" data-settings=\"{&quot;background_background&quot;:&quot;classic&quot;}\">\n\t\t\t\t\t<div class=\"e-con-inner\">\n\t\t<div class=\"elementor-element elementor-element-8fa87a4 e-flex e-con-boxed e-con e-child\" data-id=\"8fa87a4\" data-element_type=\"container\">\n\t\t\t\t\t<div class=\"e-con-inner\">\n\t\t\t\t<div class=\"elementor-element elementor-element-490ca2c elementor-widget elementor-widget-heading\" data-id=\"490ca2c\" data-element_type=\"widget\" data-widget_type=\"heading.default\">\n\t\t\t\t<div class=\"elementor-widget-container\">\n\t\t\t<h2 class=\"elementor-heading-title elementor-size-default\">Production<\/h2>\t\t<\/div>\n\t\t\t\t<\/div>\n\t\t\t\t<div class=\"elementor-element elementor-element-988014e elementor-widget elementor-widget-text-editor\" data-id=\"988014e\" data-element_type=\"widget\" data-widget_type=\"text-editor.default\">\n\t\t\t\t<div class=\"elementor-widget-container\">\n\t\t\t\t\t\t\t<p>Siseseina elemendid<br \/>V\u00e4lisseina elemendid<br \/>Vahelae elemendid<br \/>Katuse elemendid<br \/>Fermid<\/p>\n\t\t\t\t\t\t<\/div>\n\t\t\t\t<\/div>\n\t\t\t\t<div class=\"elementor-element elementor-element-7b4b1b6 elementor-widget elementor-widget-button\" data-id=\"7b4b1b6\" data-element_type=\"widget\" data-widget_type=\"button.default\">\n\t\t\t\t<div class=\"elementor-widget-container\">\n\t\t\t\t\t\t\t<div class=\"elementor-button-wrapper\">\n\t\t\t\t\t<a class=\"elementor-button elementor-button-link elementor-size-sm\" href=\"https:\/\/timberelement.se\/en\/services\/production\/\">\n\t\t\t\t\t\t<span class=\"elementor-button-content-wrapper\">\n\t\t\t\t\t\t<span class=\"elementor-button-icon\">\n\t\t\t\t<svg xmlns=\"http:\/\/www.w3.org\/2000\/svg\" id=\"Layer_1\" data-name=\"Layer 1\" viewBox=\"0 0 24 24\"><path d=\"M18.5,6V18a.5.5,0,0,1-1,0V7.20752L6.46338,18.24414a.49995.49995,0,0,1-.707-.707L16.79346,6.5H6a.5.5,0,0,1,0-1H18A.49971.49971,0,0,1,18.5,6Z\"><\/path><\/svg>\t\t\t<\/span>\n\t\t\t\t\t\t\t\t\t<span class=\"elementor-button-text\">Read more<\/span>\n\t\t\t\t\t<\/span>\n\t\t\t\t\t<\/a>\n\t\t\t\t<\/div>\n\t\t\t\t\t\t<\/div>\n\t\t\t\t<\/div>\n\t\t\t\t\t<\/div>\n\t\t\t\t<\/div>\n\t\t<div class=\"elementor-element elementor-element-b6ed347 e-flex e-con-boxed e-con e-child\" data-id=\"b6ed347\" data-element_type=\"container\">\n\t\t\t\t\t<div class=\"e-con-inner\">\n\t\t\t\t<div class=\"elementor-element elementor-element-2b934a8 elementor-widget elementor-widget-image\" data-id=\"2b934a8\" data-element_type=\"widget\" data-widget_type=\"image.default\">\n\t\t\t\t<div class=\"elementor-widget-container\">\n\t\t\t\t\t\t\t\t\t\t\t\t\t<img decoding=\"async\" width=\"800\" height=\"533\" src=\"https:\/\/timberelement.se\/wp-content\/uploads\/2023\/06\/Timber223_timberelement3-jpg.webp\" class=\"attachment-large size-large wp-image-12649\" alt=\"\" srcset=\"https:\/\/timberelement.se\/wp-content\/uploads\/2023\/06\/Timber223_timberelement3-jpg.webp 900w, https:\/\/timberelement.se\/wp-content\/uploads\/2023\/06\/Timber223_timberelement3-430x287.webp 430w, https:\/\/timberelement.se\/wp-content\/uploads\/2023\/06\/Timber223_timberelement3-700x467.webp 700w, https:\/\/timberelement.se\/wp-content\/uploads\/2023\/06\/Timber223_timberelement3-400x267.jpg 400w, https:\/\/timberelement.se\/wp-content\/uploads\/2023\/06\/Timber223_timberelement3-768x512.jpg 768w, https:\/\/timberelement.se\/wp-content\/uploads\/2023\/06\/Timber223_timberelement3-860x573.jpg 860w\" sizes=\"(max-width: 800px) 100vw, 800px\" \/>\t\t\t\t\t\t\t\t\t\t\t\t\t<\/div>\n\t\t\t\t<\/div>\n\t\t\t\t\t<\/div>\n\t\t\t\t<\/div>\n\t\t\t\t\t<\/div>\n\t\t\t\t<\/div>\n\t\t<div class=\"elementor-element elementor-element-05f7f42 e-flex e-con-boxed e-con e-child\" data-id=\"05f7f42\" data-element_type=\"container\" data-settings=\"{&quot;background_background&quot;:&quot;classic&quot;}\">\n\t\t\t\t\t<div class=\"e-con-inner\">\n\t\t<div class=\"elementor-element elementor-element-a20c0fe e-flex e-con-boxed e-con e-child\" data-id=\"a20c0fe\" data-element_type=\"container\">\n\t\t\t\t\t<div class=\"e-con-inner\">\n\t\t\t\t<div class=\"elementor-element elementor-element-a66c031 elementor-widget elementor-widget-heading\" data-id=\"a66c031\" data-element_type=\"widget\" data-widget_type=\"heading.default\">\n\t\t\t\t<div class=\"elementor-widget-container\">\n\t\t\t<h2 class=\"elementor-heading-title elementor-size-default\">Installation and construction work<\/h2>\t\t<\/div>\n\t\t\t\t<\/div>\n\t\t\t\t<div class=\"elementor-element elementor-element-16f1199 elementor-widget elementor-widget-text-editor\" data-id=\"16f1199\" data-element_type=\"widget\" data-widget_type=\"text-editor.default\">\n\t\t\t\t<div class=\"elementor-widget-container\">\n\t\t\t\t\t\t\t<p>Elementide paigaldus<br \/>Katus<br \/>V\u00e4lisviimistlus<br \/>Siset\u00f6\u00f6d<br \/>Vesi ja kanal<br \/>Elekter<br \/>K\u00fcte<br \/>Ventilatsioon<br \/>Plaatvundament<\/p>\n\t\t\t\t\t\t<\/div>\n\t\t\t\t<\/div>\n\t\t\t\t<div class=\"elementor-element elementor-element-b1f2682 elementor-widget elementor-widget-button\" data-id=\"b1f2682\" data-element_type=\"widget\" data-widget_type=\"button.default\">\n\t\t\t\t<div class=\"elementor-widget-container\">\n\t\t\t\t\t\t\t<div class=\"elementor-button-wrapper\">\n\t\t\t\t\t<a class=\"elementor-button elementor-button-link elementor-size-sm\" href=\"https:\/\/timberelement.se\/en\/services\/installation-and-construction-works\/\">\n\t\t\t\t\t\t<span class=\"elementor-button-content-wrapper\">\n\t\t\t\t\t\t<span class=\"elementor-button-icon\">\n\t\t\t\t<svg xmlns=\"http:\/\/www.w3.org\/2000\/svg\" id=\"Layer_1\" data-name=\"Layer 1\" viewBox=\"0 0 24 24\"><path d=\"M18.5,6V18a.5.5,0,0,1-1,0V7.20752L6.46338,18.24414a.49995.49995,0,0,1-.707-.707L16.79346,6.5H6a.5.5,0,0,1,0-1H18A.49971.49971,0,0,1,18.5,6Z\"><\/path><\/svg>\t\t\t<\/span>\n\t\t\t\t\t\t\t\t\t<span class=\"elementor-button-text\">Read more<\/span>\n\t\t\t\t\t<\/span>\n\t\t\t\t\t<\/a>\n\t\t\t\t<\/div>\n\t\t\t\t\t\t<\/div>\n\t\t\t\t<\/div>\n\t\t\t\t\t<\/div>\n\t\t\t\t<\/div>\n\t\t<div class=\"elementor-element elementor-element-c833af5 e-flex e-con-boxed e-con e-child\" data-id=\"c833af5\" data-element_type=\"container\">\n\t\t\t\t\t<div class=\"e-con-inner\">\n\t\t\t\t<div class=\"elementor-element elementor-element-f1a9346 elementor-widget elementor-widget-image\" data-id=\"f1a9346\" data-element_type=\"widget\" data-widget_type=\"image.default\">\n\t\t\t\t<div class=\"elementor-widget-container\">\n\t\t\t\t\t\t\t\t\t\t\t\t\t<img decoding=\"async\" width=\"800\" height=\"518\" src=\"https:\/\/timberelement.se\/wp-content\/uploads\/2023\/06\/Timber-165_paigaldus_timberelement_elementmaja-jpg.webp\" class=\"attachment-large size-large wp-image-12437\" alt=\"\" srcset=\"https:\/\/timberelement.se\/wp-content\/uploads\/2023\/06\/Timber-165_paigaldus_timberelement_elementmaja-jpg.webp 1204w, https:\/\/timberelement.se\/wp-content\/uploads\/2023\/06\/Timber-165_paigaldus_timberelement_elementmaja-430x279.webp 430w, https:\/\/timberelement.se\/wp-content\/uploads\/2023\/06\/Timber-165_paigaldus_timberelement_elementmaja-700x453.webp 700w, https:\/\/timberelement.se\/wp-content\/uploads\/2023\/06\/Timber-165_paigaldus_timberelement_elementmaja-400x259.jpg 400w, https:\/\/timberelement.se\/wp-content\/uploads\/2023\/06\/Timber-165_paigaldus_timberelement_elementmaja-768x498.jpg 768w, https:\/\/timberelement.se\/wp-content\/uploads\/2023\/06\/Timber-165_paigaldus_timberelement_elementmaja-860x557.jpg 860w\" sizes=\"(max-width: 800px) 100vw, 800px\" \/>\t\t\t\t\t\t\t\t\t\t\t\t\t<\/div>\n\t\t\t\t<\/div>\n\t\t\t\t\t<\/div>\n\t\t\t\t<\/div>\n\t\t\t\t\t<\/div>\n\t\t\t\t<\/div>\n\t\t\t\t\t<\/div>\n\t\t\t\t<\/div>\n\t\t\t\t<\/div>\n\t\t","protected":false},"excerpt":{"rendered":"<p>Designing Eskiisjoonised (Timberelemendi t\u00fc\u00fcpmaja puhul)PaigaldusjoonisedT\u00f6\u00f6joonisedElektriprojektVentilatsiooni projektK\u00fctte projektVesi ja kanali projektEhitusloa taotlemine koos energiam\u00e4rgisega Read more Production Siseseina elemendidV\u00e4lisseina elemendidVahelae elemendidKatuse elemendidFermid Read more Installation and construction work Elementide paigaldusKatusV\u00e4lisviimistlusSiset\u00f6\u00f6dVesi ja kanalElekterK\u00fcteVentilatsioonPlaatvundament Read more<\/p>\n","protected":false},"author":4,"featured_media":13807,"parent":0,"menu_order":0,"comment_status":"closed","ping_status":"closed","template":"","meta":{"footnotes":""},"class_list":["post-13921","page","type-page","status-publish","has-post-thumbnail","hentry"],"acf":[],"yoast_head":"<!-- This site is optimized with the Yoast SEO plugin v23.8 - https:\/\/yoast.com\/wordpress\/plugins\/seo\/ -->\n<title>Design, production, installation and construction work | Timber element<\/title>\n<meta name=\"description\" content=\"Read more about the services offered by Timberelement. Design, production and construction of modular houses.\" \/>\n<meta name=\"robots\" content=\"index, follow, max-snippet:-1, max-image-preview:large, max-video-preview:-1\" \/>\n<link rel=\"canonical\" href=\"https:\/\/timberelement.se\/en\/services\/\" \/>\n<meta property=\"og:locale\" content=\"en_US\" \/>\n<meta property=\"og:type\" content=\"article\" \/>\n<meta property=\"og:title\" content=\"Design, production, installation and construction work | Timber element\" \/>\n<meta property=\"og:description\" content=\"Read more about the services offered by Timberelement. Design, production and construction of modular houses.\" \/>\n<meta property=\"og:url\" content=\"https:\/\/timberelement.se\/en\/services\/\" \/>\n<meta property=\"og:site_name\" content=\"Timberelement\" \/>\n<meta property=\"article:publisher\" content=\"https:\/\/www.facebook.com\/timberelement\" \/>\n<meta property=\"article:modified_time\" content=\"2024-10-19T13:01:34+00:00\" \/>\n<meta property=\"og:image\" content=\"https:\/\/timberelement.se\/wp-content\/uploads\/2023\/07\/Timber_TAMMEARU_FP-compress-jpg.webp\" \/>\n\t<meta property=\"og:image:width\" content=\"1350\" \/>\n\t<meta property=\"og:image:height\" content=\"1080\" \/>\n\t<meta property=\"og:image:type\" content=\"image\/jpeg\" \/>\n<meta name=\"twitter:card\" content=\"summary_large_image\" \/>\n<meta name=\"twitter:label1\" content=\"Est. reading time\" \/>\n\t<meta name=\"twitter:data1\" content=\"1 minute\" \/>\n<script type=\"application\/ld+json\" class=\"yoast-schema-graph\">{\"@context\":\"https:\/\/schema.org\",\"@graph\":[{\"@type\":\"WebPage\",\"@id\":\"https:\/\/timberelement.se\/en\/services\/\",\"url\":\"https:\/\/timberelement.se\/en\/services\/\",\"name\":\"Design, production, installation and construction work | Timber element\",\"isPartOf\":{\"@id\":\"https:\/\/timberelement.se\/en\/#website\"},\"primaryImageOfPage\":{\"@id\":\"https:\/\/timberelement.se\/en\/services\/#primaryimage\"},\"image\":{\"@id\":\"https:\/\/timberelement.se\/en\/services\/#primaryimage\"},\"thumbnailUrl\":\"https:\/\/timberelement.se\/wp-content\/uploads\/2023\/07\/Timber_TAMMEARU_FP-compress-jpg.webp\",\"datePublished\":\"2023-06-05T14:20:48+00:00\",\"dateModified\":\"2024-10-19T13:01:34+00:00\",\"description\":\"Read more about the services offered by Timberelement. Design, production and construction of modular houses.\",\"breadcrumb\":{\"@id\":\"https:\/\/timberelement.se\/en\/services\/#breadcrumb\"},\"inLanguage\":\"en-US\",\"potentialAction\":[{\"@type\":\"ReadAction\",\"target\":[\"https:\/\/timberelement.se\/en\/services\/\"]}]},{\"@type\":\"ImageObject\",\"inLanguage\":\"en-US\",\"@id\":\"https:\/\/timberelement.se\/en\/services\/#primaryimage\",\"url\":\"https:\/\/timberelement.se\/wp-content\/uploads\/2023\/07\/Timber_TAMMEARU_FP-compress-jpg.webp\",\"contentUrl\":\"https:\/\/timberelement.se\/wp-content\/uploads\/2023\/07\/Timber_TAMMEARU_FP-compress-jpg.webp\",\"width\":1350,\"height\":1080},{\"@type\":\"BreadcrumbList\",\"@id\":\"https:\/\/timberelement.se\/en\/services\/#breadcrumb\",\"itemListElement\":[{\"@type\":\"ListItem\",\"position\":1,\"name\":\"Home\",\"item\":\"https:\/\/timberelement.se\/en\/frontpage\/\"},{\"@type\":\"ListItem\",\"position\":2,\"name\":\"Services\"}]},{\"@type\":\"WebSite\",\"@id\":\"https:\/\/timberelement.se\/en\/#website\",\"url\":\"https:\/\/timberelement.se\/en\/\",\"name\":\"Timberelement elementmajad\",\"description\":\"Eesti elementmajad\",\"publisher\":{\"@id\":\"https:\/\/timberelement.se\/en\/#organization\"},\"potentialAction\":[{\"@type\":\"SearchAction\",\"target\":{\"@type\":\"EntryPoint\",\"urlTemplate\":\"https:\/\/timberelement.se\/en\/?s={search_term_string}\"},\"query-input\":{\"@type\":\"PropertyValueSpecification\",\"valueRequired\":true,\"valueName\":\"search_term_string\"}}],\"inLanguage\":\"en-US\"},{\"@type\":\"Organization\",\"@id\":\"https:\/\/timberelement.se\/en\/#organization\",\"name\":\"Timberelement O\u00dc\",\"url\":\"https:\/\/timberelement.se\/en\/\",\"logo\":{\"@type\":\"ImageObject\",\"inLanguage\":\"en-US\",\"@id\":\"https:\/\/timberelement.se\/en\/#\/schema\/logo\/image\/\",\"url\":\"https:\/\/timberelement.se\/wp-content\/uploads\/2023\/06\/logo2018-1.png\",\"contentUrl\":\"https:\/\/timberelement.se\/wp-content\/uploads\/2023\/06\/logo2018-1.png\",\"width\":2972,\"height\":1126,\"caption\":\"Timberelement O\u00dc\"},\"image\":{\"@id\":\"https:\/\/timberelement.se\/en\/#\/schema\/logo\/image\/\"},\"sameAs\":[\"https:\/\/www.facebook.com\/timberelement\"]}]}<\/script>\n<!-- \/ Yoast SEO plugin. -->","yoast_head_json":{"title":"Design, production, installation and construction work | Timber element","description":"Read more about the services offered by Timberelement. Design, production and construction of modular houses.","robots":{"index":"index","follow":"follow","max-snippet":"max-snippet:-1","max-image-preview":"max-image-preview:large","max-video-preview":"max-video-preview:-1"},"canonical":"https:\/\/timberelement.se\/en\/services\/","og_locale":"en_US","og_type":"article","og_title":"Design, production, installation and construction work | Timber element","og_description":"Read more about the services offered by Timberelement. Design, production and construction of modular houses.","og_url":"https:\/\/timberelement.se\/en\/services\/","og_site_name":"Timberelement","article_publisher":"https:\/\/www.facebook.com\/timberelement","article_modified_time":"2024-10-19T13:01:34+00:00","og_image":[{"width":1350,"height":1080,"url":"https:\/\/timberelement.se\/wp-content\/uploads\/2023\/07\/Timber_TAMMEARU_FP-compress-jpg.webp","type":"image\/jpeg"}],"twitter_card":"summary_large_image","twitter_misc":{"Est. reading time":"1 minute"},"schema":{"@context":"https:\/\/schema.org","@graph":[{"@type":"WebPage","@id":"https:\/\/timberelement.se\/en\/services\/","url":"https:\/\/timberelement.se\/en\/services\/","name":"Design, production, installation and construction work | Timber element","isPartOf":{"@id":"https:\/\/timberelement.se\/en\/#website"},"primaryImageOfPage":{"@id":"https:\/\/timberelement.se\/en\/services\/#primaryimage"},"image":{"@id":"https:\/\/timberelement.se\/en\/services\/#primaryimage"},"thumbnailUrl":"https:\/\/timberelement.se\/wp-content\/uploads\/2023\/07\/Timber_TAMMEARU_FP-compress-jpg.webp","datePublished":"2023-06-05T14:20:48+00:00","dateModified":"2024-10-19T13:01:34+00:00","description":"Read more about the services offered by Timberelement. Design, production and construction of modular houses.","breadcrumb":{"@id":"https:\/\/timberelement.se\/en\/services\/#breadcrumb"},"inLanguage":"en-US","potentialAction":[{"@type":"ReadAction","target":["https:\/\/timberelement.se\/en\/services\/"]}]},{"@type":"ImageObject","inLanguage":"en-US","@id":"https:\/\/timberelement.se\/en\/services\/#primaryimage","url":"https:\/\/timberelement.se\/wp-content\/uploads\/2023\/07\/Timber_TAMMEARU_FP-compress-jpg.webp","contentUrl":"https:\/\/timberelement.se\/wp-content\/uploads\/2023\/07\/Timber_TAMMEARU_FP-compress-jpg.webp","width":1350,"height":1080},{"@type":"BreadcrumbList","@id":"https:\/\/timberelement.se\/en\/services\/#breadcrumb","itemListElement":[{"@type":"ListItem","position":1,"name":"Home","item":"https:\/\/timberelement.se\/en\/frontpage\/"},{"@type":"ListItem","position":2,"name":"Services"}]},{"@type":"WebSite","@id":"https:\/\/timberelement.se\/en\/#website","url":"https:\/\/timberelement.se\/en\/","name":"Timberelement elementmajad","description":"Eesti elementmajad","publisher":{"@id":"https:\/\/timberelement.se\/en\/#organization"},"potentialAction":[{"@type":"SearchAction","target":{"@type":"EntryPoint","urlTemplate":"https:\/\/timberelement.se\/en\/?s={search_term_string}"},"query-input":{"@type":"PropertyValueSpecification","valueRequired":true,"valueName":"search_term_string"}}],"inLanguage":"en-US"},{"@type":"Organization","@id":"https:\/\/timberelement.se\/en\/#organization","name":"Timberelement O\u00dc","url":"https:\/\/timberelement.se\/en\/","logo":{"@type":"ImageObject","inLanguage":"en-US","@id":"https:\/\/timberelement.se\/en\/#\/schema\/logo\/image\/","url":"https:\/\/timberelement.se\/wp-content\/uploads\/2023\/06\/logo2018-1.png","contentUrl":"https:\/\/timberelement.se\/wp-content\/uploads\/2023\/06\/logo2018-1.png","width":2972,"height":1126,"caption":"Timberelement O\u00dc"},"image":{"@id":"https:\/\/timberelement.se\/en\/#\/schema\/logo\/image\/"},"sameAs":["https:\/\/www.facebook.com\/timberelement"]}]}},"_links":{"self":[{"href":"https:\/\/timberelement.se\/en\/wp-json\/wp\/v2\/pages\/13921"}],"collection":[{"href":"https:\/\/timberelement.se\/en\/wp-json\/wp\/v2\/pages"}],"about":[{"href":"https:\/\/timberelement.se\/en\/wp-json\/wp\/v2\/types\/page"}],"author":[{"embeddable":true,"href":"https:\/\/timberelement.se\/en\/wp-json\/wp\/v2\/users\/4"}],"replies":[{"embeddable":true,"href":"https:\/\/timberelement.se\/en\/wp-json\/wp\/v2\/comments?post=13921"}],"version-history":[{"count":20,"href":"https:\/\/timberelement.se\/en\/wp-json\/wp\/v2\/pages\/13921\/revisions"}],"predecessor-version":[{"id":21473,"href":"https:\/\/timberelement.se\/en\/wp-json\/wp\/v2\/pages\/13921\/revisions\/21473"}],"wp:featuredmedia":[{"embeddable":true,"href":"https:\/\/timberelement.se\/en\/wp-json\/wp\/v2\/media\/13807"}],"wp:attachment":[{"href":"https:\/\/timberelement.se\/en\/wp-json\/wp\/v2\/media?parent=13921"}],"curies":[{"name":"wp","href":"https:\/\/api.w.org\/{rel}","templated":true}]}}